{"id":2,"date":"2021-06-07T07:16:56","date_gmt":"2021-06-07T07:16:56","guid":{"rendered":"https:\/\/prizelius.no\/?page_id=2"},"modified":"2025-02-19T11:28:47","modified_gmt":"2025-02-19T11:28:47","slug":"om-oss","status":"publish","type":"page","link":"https:\/\/prizelius.no\/en\/om-oss\/","title":{"rendered":"About Us"},"content":{"rendered":"<div data-elementor-type=\"wp-page\" data-elementor-id=\"2\" class=\"elementor elementor-2\" data-elementor-post-type=\"page\">\n\t\t\t\t\t\t<section data-dce-background-color=\"#7A7A7A12\" class=\"elementor-section elementor-top-section elementor-element elementor-element-54f798c elementor-section-boxed elementor-section-height-default elementor-section-height-default\" data-id=\"54f798c\" data-element_type=\"section\" data-e-type=\"section\" data-settings=\"{&quot;jet_parallax_layout_list&quot;:[],&quot;background_background&quot;:&quot;classic&quot;}\">\n\t\t\t\t\t\t<div class=\"elementor-container elementor-column-gap-default\">\n\t\t\t\t\t<div class=\"elementor-column elementor-col-100 elementor-top-column elementor-element elementor-element-febd82e\" data-id=\"febd82e\" data-element_type=\"column\" data-e-type=\"column\">\n\t\t\t<div class=\"elementor-widget-wrap elementor-element-populated\">\n\t\t\t\t\t\t<div class=\"elementor-element elementor-element-1eaf5db elementor-widget elementor-widget-spacer\" data-id=\"1eaf5db\" data-element_type=\"widget\" data-e-type=\"widget\" data-widget_type=\"spacer.default\">\n\t\t\t\t<div class=\"elementor-widget-container\">\n\t\t\t\t\t\t\t<div class=\"elementor-spacer\">\n\t\t\t<div class=\"elementor-spacer-inner\"><\/div>\n\t\t<\/div>\n\t\t\t\t\t\t<\/div>\n\t\t\t\t<\/div>\n\t\t\t\t<div class=\"elementor-element elementor-element-1de957c elementor-widget elementor-widget-heading\" data-id=\"1de957c\" data-element_type=\"widget\" data-e-type=\"widget\" data-widget_type=\"heading.default\">\n\t\t\t\t<div class=\"elementor-widget-container\">\n\t\t\t\t\t<h1 class=\"elementor-heading-title elementor-size-default\">About Us<\/h1>\t\t\t\t<\/div>\n\t\t\t\t<\/div>\n\t\t\t\t<div class=\"elementor-element elementor-element-feffd6c elementor-widget elementor-widget-text-editor\" data-id=\"feffd6c\" data-element_type=\"widget\" data-e-type=\"widget\" data-widget_type=\"text-editor.default\">\n\t\t\t\t<div class=\"elementor-widget-container\">\n\t\t\t\t\t\t\t\t\t<p style=\"margin-bottom: 19px; font-variant-numeric: normal; font-variant-east-asian: normal; font-variant-alternates: normal; font-size-adjust: none; font-kerning: auto; font-optical-sizing: auto; font-feature-settings: normal; font-variation-settings: normal; font-variant-position: normal; font-variant-emoji: normal; font-stretch: normal; font-size: 19px; line-height: normal; font-family: &quot;Poppins SemiBold&quot;; color: rgb(52, 52, 52);\"><span style=\"font-variant-numeric: normal; font-variant-east-asian: normal; font-variant-alternates: normal; font-size-adjust: none; font-kerning: auto; font-optical-sizing: auto; font-feature-settings: normal; font-variation-settings: normal; font-variant-position: normal; font-variant-emoji: normal; font-stretch: normal; line-height: normal; font-family: Poppins;\">Robert Prizelius AS is one of Norway's leading suppliers of branded wines and spirits.<br><span style=\"font-family: &quot;Poppins Light&quot;;\">We sell products to Vinmonopolet and Horeca.<\/span><br><\/span><\/p>\n<p style=\"margin-bottom: 19px; font-variant-numeric: normal; font-variant-east-asian: normal; font-variant-alternates: normal; font-size-adjust: none; font-kerning: auto; font-optical-sizing: auto; font-feature-settings: normal; font-variation-settings: normal; font-variant-position: normal; font-variant-emoji: normal; font-stretch: normal; font-size: 19px; line-height: normal; font-family: &quot;Poppins Light&quot;; color: rgb(52, 52, 52);\">We are part of the Hans Just Group which has branches in&nbsp;<br>Sweden <a href=\"http:\/\/nigab.se\/\"><span style=\"text-decoration-line: underline; color: rgb(0, 0, 233);\">Nigab AB<\/span><\/a><br>Finland &#8211; <a href=\"https:\/\/www.bpf-finland.fi\/\"><span style=\"text-decoration-line: underline; color: rgb(0, 0, 233);\">Beverage Partners<\/span><\/a>&nbsp;<br>Denmark<a href=\"https:\/\/hansjust.dk\/\"><span style=\"text-decoration-line: underline; color: rgb(0, 0, 233);\"> Hans Just<\/span><\/a><\/p>\n<p style=\"margin-bottom: 19px; font-variant-numeric: normal; font-variant-east-asian: normal; font-variant-alternates: normal; font-size-adjust: none; font-kerning: auto; font-optical-sizing: auto; font-feature-settings: normal; font-variation-settings: normal; font-variant-position: normal; font-variant-emoji: normal; font-stretch: normal; font-size: 19px; line-height: normal; font-family: Poppins; color: rgb(52, 52, 52);\"><span style=\"font-variant-numeric: normal; font-variant-east-asian: normal; font-variant-alternates: normal; font-size-adjust: none; font-kerning: auto; font-optical-sizing: auto; font-feature-settings: normal; font-variation-settings: normal; font-variant-position: normal; font-variant-emoji: normal; font-stretch: normal; line-height: normal; font-family: &quot;Poppins Light&quot;;\">Our portfolio consists of:&nbsp;<\/span><br><\/p>\n<p style=\"margin-bottom: 19px; font-variant-numeric: normal; font-variant-east-asian: normal; font-variant-alternates: normal; font-size-adjust: none; font-kerning: auto; font-optical-sizing: auto; font-feature-settings: normal; font-variation-settings: normal; font-variant-position: normal; font-variant-emoji: normal; font-stretch: normal; font-size: 19px; line-height: normal; font-family: Poppins; color: rgb(52, 52, 52);\"><b>Spirits<\/b><br><i>J\u00e4germeister, Licor 43, Sierra Tequila, Cointreau, R\u00e9my Martin, William Grants &amp; Son (Hendrick\u2019s, Glenfiddich, Tullamore Dew)&nbsp;&amp; Gruppo Campari (Aperol, Campari, Appleton Rum)<\/i><i><\/i><\/p>\n<p style=\"margin-bottom: 19px; font-variant-numeric: normal; font-variant-east-asian: normal; font-variant-alternates: normal; font-size-adjust: none; font-kerning: auto; font-optical-sizing: auto; font-feature-settings: normal; font-variation-settings: normal; font-variant-position: normal; font-variant-emoji: normal; font-stretch: normal; font-size: 19px; line-height: normal; font-family: Poppins; color: rgb(52, 52, 52);\"><b>Wine<\/b><b style=\"font-style: italic;\"><br><\/b><i>William F\u00e9vre, Henri Bourgeois Sancerre, Champagne Henriot, Champagne Laurent Perrier, Marques de Riscal, Gonzalez Byass,&nbsp;Reh.Kendermann, E&amp;J Gallo, Mauro Molino og Bacalhoa<\/i><\/p>\t\t\t\t\t\t\t\t<\/div>\n\t\t\t\t<\/div>\n\t\t\t\t<div class=\"elementor-element elementor-element-a36200c elementor-widget elementor-widget-image\" data-id=\"a36200c\" data-element_type=\"widget\" data-e-type=\"widget\" data-widget_type=\"image.default\">\n\t\t\t\t<div class=\"elementor-widget-container\">\n\t\t\t\t\t\t\t\t\t\t\t\t\t\t\t<img fetchpriority=\"high\" decoding=\"async\" width=\"212\" height=\"300\" src=\"https:\/\/prizelius.no\/wp-content\/uploads\/2024\/04\/Robert_Prizelius_AS_NO_Norwegian_2024_Certification_Badge-212x300.png\" class=\"attachment-medium size-medium wp-image-214608\" alt=\"\" srcset=\"https:\/\/prizelius.no\/wp-content\/uploads\/2024\/04\/Robert_Prizelius_AS_NO_Norwegian_2024_Certification_Badge-212x300.png 212w, https:\/\/prizelius.no\/wp-content\/uploads\/2024\/04\/Robert_Prizelius_AS_NO_Norwegian_2024_Certification_Badge-724x1024.png 724w, https:\/\/prizelius.no\/wp-content\/uploads\/2024\/04\/Robert_Prizelius_AS_NO_Norwegian_2024_Certification_Badge-768x1086.png 768w, https:\/\/prizelius.no\/wp-content\/uploads\/2024\/04\/Robert_Prizelius_AS_NO_Norwegian_2024_Certification_Badge-1086x1536.png 1086w, https:\/\/prizelius.no\/wp-content\/uploads\/2024\/04\/Robert_Prizelius_AS_NO_Norwegian_2024_Certification_Badge-1448x2048.png 1448w, https:\/\/prizelius.no\/wp-content\/uploads\/2024\/04\/Robert_Prizelius_AS_NO_Norwegian_2024_Certification_Badge-600x849.png 600w\" sizes=\"(max-width: 212px) 100vw, 212px\" \/>\t\t\t\t\t\t\t\t\t\t\t\t\t\t\t<\/div>\n\t\t\t\t<\/div>\n\t\t\t\t<div class=\"elementor-element elementor-element-35664e1 elementor-widget elementor-widget-spacer\" data-id=\"35664e1\" data-element_type=\"widget\" data-e-type=\"widget\" data-widget_type=\"spacer.default\">\n\t\t\t\t<div class=\"elementor-widget-container\">\n\t\t\t\t\t\t\t<div class=\"elementor-spacer\">\n\t\t\t<div class=\"elementor-spacer-inner\"><\/div>\n\t\t<\/div>\n\t\t\t\t\t\t<\/div>\n\t\t\t\t<\/div>\n\t\t\t\t\t<\/div>\n\t\t<\/div>\n\t\t\t\t\t<\/div>\n\t\t<\/section>\n\t\t\t\t<section class=\"elementor-section elementor-top-section elementor-element elementor-element-7dce73c elementor-section-boxed elementor-section-height-default elementor-section-height-default\" data-id=\"7dce73c\" data-element_type=\"section\" data-e-type=\"section\" data-settings=\"{&quot;jet_parallax_layout_list&quot;:[]}\">\n\t\t\t\t\t\t<div class=\"elementor-container elementor-column-gap-default\">\n\t\t\t\t\t<div class=\"elementor-column elementor-col-100 elementor-top-column elementor-element elementor-element-208158d\" data-id=\"208158d\" data-element_type=\"column\" data-e-type=\"column\">\n\t\t\t<div class=\"elementor-widget-wrap elementor-element-populated\">\n\t\t\t\t\t\t<div class=\"elementor-element elementor-element-e2d2111 elementor-widget elementor-widget-heading\" data-id=\"e2d2111\" data-element_type=\"widget\" data-e-type=\"widget\" data-widget_type=\"heading.default\">\n\t\t\t\t<div class=\"elementor-widget-container\">\n\t\t\t\t\t<h1 class=\"elementor-heading-title elementor-size-default\"><span data-elementor-setting-key=\"title\" data-pen-placeholder=\"Type Here...\" style=\"font-size: 50px\">Our Values<\/span><\/h1>\t\t\t\t<\/div>\n\t\t\t\t<\/div>\n\t\t\t\t<div class=\"elementor-element elementor-element-885c402 elementor-widget elementor-widget-text-editor\" data-id=\"885c402\" data-element_type=\"widget\" data-e-type=\"widget\" data-widget_type=\"text-editor.default\">\n\t\t\t\t<div class=\"elementor-widget-container\">\n\t\t\t\t\t\t\t\t\t<p class=\"p1\" style=\"margin-bottom: 15.9px; font-variant-numeric: normal; font-variant-east-asian: normal; font-variant-alternates: normal; font-size-adjust: none; font-kerning: auto; font-optical-sizing: auto; font-feature-settings: normal; font-variation-settings: normal; font-variant-position: normal; font-variant-emoji: normal; font-stretch: normal; font-size: 19px; line-height: normal; font-family: &quot;Poppins Light&quot;; color: rgb(80, 88, 92);\">Every day, year round, dedicated people in Robert Prizelius AS are working with premium brands.<br>And in everything we do, we share a set of four values.<\/p><p class=\"p2\" style=\"margin-bottom: 12px; font-variant-numeric: normal; font-variant-east-asian: normal; font-variant-alternates: normal; font-size-adjust: none; font-kerning: auto; font-optical-sizing: auto; font-feature-settings: normal; font-variation-settings: normal; font-variant-position: normal; font-variant-emoji: normal; font-stretch: normal; font-size: 19px; line-height: normal; font-family: &quot;Poppins Light&quot;; color: rgb(80, 88, 92);\"><span class=\"s1\" style=\"font-variant-numeric: normal; font-variant-east-asian: normal; font-variant-alternates: normal; font-size-adjust: none; font-kerning: auto; font-optical-sizing: auto; font-feature-settings: normal; font-variation-settings: normal; font-variant-position: normal; font-variant-emoji: normal; font-stretch: normal; line-height: normal; font-family: Poppins;\"><b>Business sense<\/b><\/span><br>The foundation of our company. We do this through reaching good agreements where all parties benefit so we<br>create value for both our brand owners, customers, and our selves.<\/p><p class=\"p2\" style=\"margin-bottom: 12px; font-variant-numeric: normal; font-variant-east-asian: normal; font-variant-alternates: normal; font-size-adjust: none; font-kerning: auto; font-optical-sizing: auto; font-feature-settings: normal; font-variation-settings: normal; font-variant-position: normal; font-variant-emoji: normal; font-stretch: normal; font-size: 19px; line-height: normal; font-family: &quot;Poppins Light&quot;; color: rgb(80, 88, 92);\"><span class=\"s1\" style=\"font-variant-numeric: normal; font-variant-east-asian: normal; font-variant-alternates: normal; font-size-adjust: none; font-kerning: auto; font-optical-sizing: auto; font-feature-settings: normal; font-variation-settings: normal; font-variant-position: normal; font-variant-emoji: normal; font-stretch: normal; line-height: normal; font-family: Poppins;\"><b>Responsible &amp; Trustworthy<\/b><\/span><br>It is crucial in order to secure continued cooperation with all our partners. We are always well prepared, keep our promises, and show responsibility and common sense when dealing with the company\u2019s resources.<\/p><p class=\"p2\" style=\"margin-bottom: 12px; font-variant-numeric: normal; font-variant-east-asian: normal; font-variant-alternates: normal; font-size-adjust: none; font-kerning: auto; font-optical-sizing: auto; font-feature-settings: normal; font-variation-settings: normal; font-variant-position: normal; font-variant-emoji: normal; font-stretch: normal; font-size: 19px; line-height: normal; font-family: &quot;Poppins Light&quot;; color: rgb(80, 88, 92);\"><span class=\"s1\" style=\"font-variant-numeric: normal; font-variant-east-asian: normal; font-variant-alternates: normal; font-size-adjust: none; font-kerning: auto; font-optical-sizing: auto; font-feature-settings: normal; font-variation-settings: normal; font-variant-position: normal; font-variant-emoji: normal; font-stretch: normal; line-height: normal; font-family: Poppins;\"><b>Relations<\/b><\/span><br>For more than 150 years, relations between people have been the key to our success.<br>We create and nurture relations to all our partners both externally and internally.<\/p><p class=\"p2\" style=\"margin-bottom: 12px; font-variant-numeric: normal; font-variant-east-asian: normal; font-variant-alternates: normal; font-size-adjust: none; font-kerning: auto; font-optical-sizing: auto; font-feature-settings: normal; font-variation-settings: normal; font-variant-position: normal; font-variant-emoji: normal; font-stretch: normal; font-size: 19px; line-height: normal; font-family: &quot;Poppins Light&quot;; color: rgb(80, 88, 92);\"><span class=\"s1\" style=\"font-variant-numeric: normal; font-variant-east-asian: normal; font-variant-alternates: normal; font-size-adjust: none; font-kerning: auto; font-optical-sizing: auto; font-feature-settings: normal; font-variation-settings: normal; font-variant-position: normal; font-variant-emoji: normal; font-stretch: normal; line-height: normal; font-family: Poppins;\"><b>Commitment<\/b><\/span><br>This is the driving force in everything we do. We are passionate about our brands<br>which we are proud to represent in every context. We strive to be the best in our markets and create value for our partners.<\/p>\t\t\t\t\t\t\t\t<\/div>\n\t\t\t\t<\/div>\n\t\t\t\t<div class=\"elementor-element elementor-element-6606946 elementor-widget elementor-widget-spacer\" data-id=\"6606946\" data-element_type=\"widget\" data-e-type=\"widget\" data-widget_type=\"spacer.default\">\n\t\t\t\t<div class=\"elementor-widget-container\">\n\t\t\t\t\t\t\t<div class=\"elementor-spacer\">\n\t\t\t<div class=\"elementor-spacer-inner\"><\/div>\n\t\t<\/div>\n\t\t\t\t\t\t<\/div>\n\t\t\t\t<\/div>\n\t\t\t\t\t<\/div>\n\t\t<\/div>\n\t\t\t\t\t<\/div>\n\t\t<\/section>\n\t\t\t\t<section data-dce-background-color=\"#7A7A7A12\" class=\"elementor-section elementor-top-section elementor-element elementor-element-428f7a8 elementor-section-boxed elementor-section-height-default elementor-section-height-default\" data-id=\"428f7a8\" data-element_type=\"section\" data-e-type=\"section\" data-settings=\"{&quot;jet_parallax_layout_list&quot;:[],&quot;background_background&quot;:&quot;classic&quot;}\">\n\t\t\t\t\t\t<div class=\"elementor-container elementor-column-gap-default\">\n\t\t\t\t\t<div class=\"elementor-column elementor-col-100 elementor-top-column elementor-element elementor-element-3ca0341\" data-id=\"3ca0341\" data-element_type=\"column\" data-e-type=\"column\">\n\t\t\t<div class=\"elementor-widget-wrap elementor-element-populated\">\n\t\t\t\t\t\t<div class=\"elementor-element elementor-element-ddb69b1 elementor-widget elementor-widget-spacer\" data-id=\"ddb69b1\" data-element_type=\"widget\" data-e-type=\"widget\" data-widget_type=\"spacer.default\">\n\t\t\t\t<div class=\"elementor-widget-container\">\n\t\t\t\t\t\t\t<div class=\"elementor-spacer\">\n\t\t\t<div class=\"elementor-spacer-inner\"><\/div>\n\t\t<\/div>\n\t\t\t\t\t\t<\/div>\n\t\t\t\t<\/div>\n\t\t\t\t<div class=\"elementor-element elementor-element-0d90673 elementor-widget elementor-widget-heading\" data-id=\"0d90673\" data-element_type=\"widget\" data-e-type=\"widget\" data-widget_type=\"heading.default\">\n\t\t\t\t<div class=\"elementor-widget-container\">\n\t\t\t\t\t<h2 class=\"elementor-heading-title elementor-size-default\"><span style=\"font-size: 50px\">Vision and Mission<\/span><\/h2>\t\t\t\t<\/div>\n\t\t\t\t<\/div>\n\t\t\t\t<div class=\"elementor-element elementor-element-ffcbbe2 elementor-widget elementor-widget-text-editor\" data-id=\"ffcbbe2\" data-element_type=\"widget\" data-e-type=\"widget\" data-widget_type=\"text-editor.default\">\n\t\t\t\t<div class=\"elementor-widget-container\">\n\t\t\t\t\t\t\t\t\t<p style=\"font-variant-numeric: normal; font-variant-east-asian: normal; font-variant-alternates: normal; font-size-adjust: none; font-kerning: auto; font-optical-sizing: auto; font-feature-settings: normal; font-variation-settings: normal; font-variant-position: normal; font-variant-emoji: normal; font-stretch: normal; font-size: 19px; line-height: normal; font-family: 'Poppins Light'; color: #50585c;\">The purpose of Robert Prizelius AS is incorporated in our vision and mission statements.<br \/>They are essentially what we are all about and why we do what we do.<\/p><p style=\"font-variant-numeric: normal; font-variant-east-asian: normal; font-variant-alternates: normal; font-size-adjust: none; font-kerning: auto; font-optical-sizing: auto; font-feature-settings: normal; font-variation-settings: normal; font-variant-position: normal; font-variant-emoji: normal; font-stretch: normal; font-size: 19px; line-height: normal; font-family: 'Poppins Light'; color: #50585c;\"><br \/><span style=\"font-variant-numeric: normal; font-variant-east-asian: normal; font-variant-alternates: normal; font-size-adjust: none; font-kerning: auto; font-optical-sizing: auto; font-feature-settings: normal; font-variation-settings: normal; font-variant-position: normal; font-variant-emoji: normal; font-stretch: normal; line-height: normal; font-family: Poppins;\"><b>Our Vision<br \/><\/b><\/span>Continue increasing our market share and remain independently family owned.<\/p><p style=\"font-variant-numeric: normal; font-variant-east-asian: normal; font-variant-alternates: normal; font-size-adjust: none; font-kerning: auto; font-optical-sizing: auto; font-feature-settings: normal; font-variation-settings: normal; font-variant-position: normal; font-variant-emoji: normal; font-stretch: normal; font-size: 19px; line-height: normal; font-family: 'Poppins Light'; color: #50585c;\"><br \/><span style=\"font-variant-numeric: normal; font-variant-east-asian: normal; font-variant-alternates: normal; font-size-adjust: none; font-kerning: auto; font-optical-sizing: auto; font-feature-settings: normal; font-variation-settings: normal; font-variant-position: normal; font-variant-emoji: normal; font-stretch: normal; line-height: normal; font-family: Poppins;\"><b>Our Mission\u00a0<\/b><\/span><br \/>Create value for our partners and excitement for out consumers by being inspiring, entrepreneurial, and innovative.<\/p>\t\t\t\t\t\t\t\t<\/div>\n\t\t\t\t<\/div>\n\t\t\t\t<div class=\"elementor-element elementor-element-c46258f elementor-widget elementor-widget-spacer\" data-id=\"c46258f\" data-element_type=\"widget\" data-e-type=\"widget\" data-widget_type=\"spacer.default\">\n\t\t\t\t<div class=\"elementor-widget-container\">\n\t\t\t\t\t\t\t<div class=\"elementor-spacer\">\n\t\t\t<div class=\"elementor-spacer-inner\"><\/div>\n\t\t<\/div>\n\t\t\t\t\t\t<\/div>\n\t\t\t\t<\/div>\n\t\t\t\t\t<\/div>\n\t\t<\/div>\n\t\t\t\t\t<\/div>\n\t\t<\/section>\n\t\t\t\t<\/div>","protected":false},"excerpt":{"rendered":"<p>Om oss Robert Prizelius AS er en av Norges Ledende leverand\u00f8rer av merkevarer innen vin og brennevin.Vi selger produkter til Vinmonopolet og Horeca. Vi er en del av Hans Just Group som har har avdelinger i&nbsp;Svergie &#8211; Nigab ABFinland &#8211; Beverage Partners&nbsp;Danmark &#8211; Hans Just V\u00e5r portef\u00f8lje best\u00e5r av blant annet:&nbsp; BrennevinJ\u00e4germeister, Licor 43, Sierra [&hellip;]<\/p>\n","protected":false},"author":1,"featured_media":0,"parent":0,"menu_order":0,"comment_status":"closed","ping_status":"closed","template":"","meta":{"_acf_changed":false,"arc_restricted_post":false,"footnotes":""},"class_list":["post-2","page","type-page","status-publish","hentry"],"acf":[],"_links":{"self":[{"href":"https:\/\/prizelius.no\/en\/wp-json\/wp\/v2\/pages\/2","targetHints":{"allow":["GET"]}}],"collection":[{"href":"https:\/\/prizelius.no\/en\/wp-json\/wp\/v2\/pages"}],"about":[{"href":"https:\/\/prizelius.no\/en\/wp-json\/wp\/v2\/types\/page"}],"author":[{"embeddable":true,"href":"https:\/\/prizelius.no\/en\/wp-json\/wp\/v2\/users\/1"}],"replies":[{"embeddable":true,"href":"https:\/\/prizelius.no\/en\/wp-json\/wp\/v2\/comments?post=2"}],"version-history":[{"count":105,"href":"https:\/\/prizelius.no\/en\/wp-json\/wp\/v2\/pages\/2\/revisions"}],"predecessor-version":[{"id":341578,"href":"https:\/\/prizelius.no\/en\/wp-json\/wp\/v2\/pages\/2\/revisions\/341578"}],"wp:attachment":[{"href":"https:\/\/prizelius.no\/en\/wp-json\/wp\/v2\/media?parent=2"}],"curies":[{"name":"wp","href":"https:\/\/api.w.org\/{rel}","templated":true}]}}